{"id":19231,"date":"2025-05-23T09:59:12","date_gmt":"2025-05-23T13:59:12","guid":{"rendered":"https:\/\/1cleanair.ca\/?page_id=19231"},"modified":"2025-05-23T15:17:24","modified_gmt":"2025-05-23T19:17:24","slug":"industriel","status":"publish","type":"page","link":"https:\/\/1cleanair.ca\/fr\/industriel\/","title":{"rendered":"Services industriels"},"content":{"rendered":"<div class=\"wpb-content-wrapper\"><p>[vc_row type=&#8221;in_grid&#8221; text_align=&#8221;inherit&#8221; el_class=&#8221;services-category-page-row padding-100&#8243; css=&#8221;.vc_custom_1731078015264{background-image: url(http:\/\/1cleanair.ca\/wp-content\/uploads\/2024\/11\/1cleanair-background-residential-services.svg?id=978) !important;}&#8221;][vc_column][vc_row_inner type=&#8221;full_width&#8221; text_align=&#8221;inherit&#8221; el_class=&#8221;padding-b-100&#8243;][vc_column_inner][vc_column_text css=&#8221;&#8221; el_class=&#8221;service-category-title&#8221;]<\/p>\n<h1 class=\"h2\">Services industriels<\/h1>\n<p>[\/vc_column_text]<div class=\"dist-shortcode-container wpb_content_element\">\n        <div class=\"services_page_list\">\n\n            \n            <div class=\"services_page_list_item\">\n                <div class=\"image\" style=\"background-image: url(https:\/\/1cleanair.ca\/wp-content\/uploads\/2024\/11\/1cleanair-commercial-duct-cleaning.jpg);\"><\/div>\n                <div class=\"overlay\"><\/div>\n                <div class=\"text\"><p class=\"dist-btn type3\">Nettoyage de conduits d'air industriels<\/p><\/div>\n                <a href=\"https:\/\/1cleanair.ca\/fr\/industriel\/nettoyage-de-conduits-dair\/\"><\/a>\n            <\/div>\n\n            \n            <div class=\"services_page_list_item\">\n                <div class=\"image\" style=\"background-image: url(https:\/\/1cleanair.ca\/wp-content\/uploads\/2024\/11\/1cleanair-industrial-warehouse.png);\"><\/div>\n                <div class=\"overlay\"><\/div>\n                <div class=\"text\"><p class=\"dist-btn type3\">N\u0435ttoyag\u0435 d\u0435 syst\u00e8m\u0435 d'\u00e9vacuation industri\u0435l<\/p><\/div>\n                <a href=\"https:\/\/1cleanair.ca\/fr\/industriel\/nettoyage-de-systeme-devacuation\/\"><\/a>\n            <\/div>\n\n            \n            <div class=\"services_page_list_item\">\n                <div class=\"image\" style=\"background-image: url(https:\/\/1cleanair.ca\/wp-content\/uploads\/2024\/11\/1cleanair-service-industrial-plant-cleaning.png);\"><\/div>\n                <div class=\"overlay\"><\/div>\n                <div class=\"text\"><p class=\"dist-btn type3\">N\u0435ttoyag\u0435 \u0435n profond\u0435ur d\u0435s installations industri\u0435ll\u0435s<\/p><\/div>\n                <a href=\"https:\/\/1cleanair.ca\/fr\/industriel\/n%d0%b5ttoyag%d0%b5-%d0%b5n-profond%d0%b5ur-d%d0%b5s-installations-industri%d0%b5ll%d0%b5s\/\"><\/a>\n            <\/div>\n\n            \n            <div class=\"services_page_list_item\">\n                <div class=\"image\" style=\"background-image: url(https:\/\/1cleanair.ca\/wp-content\/uploads\/2024\/11\/1cleanair-service-industrial-wall-cleaning.png);\"><\/div>\n                <div class=\"overlay\"><\/div>\n                <div class=\"text\"><p class=\"dist-btn type3\">N\u0435ttoyag\u0435 industri\u0435l d\u0435s murs<\/p><\/div>\n                <a href=\"https:\/\/1cleanair.ca\/fr\/industriel\/n%d0%b5ttoyag%d0%b5-d%d0%b5s-murs\/\"><\/a>\n            <\/div>\n\n            \n        <\/div>\n\n        <\/div>[\/vc_column_inner][\/vc_row_inner][\/vc_column][\/vc_row][vc_row type=&#8221;in_grid&#8221; text_align=&#8221;inherit&#8221; css=&#8221;.vc_custom_1730818094309{background-color: #003667 !important;}&#8221; el_class=&#8221;simple-easy-efficient-row&#8221;][vc_column][vc_row_inner equal_height=&#8221;yes&#8221; type=&#8221;full_width&#8221; text_align=&#8221;inherit&#8221; el_class=&#8221;simple-easy-efficient-inner-row&#8221;][vc_column_inner width=&#8221;1\/2&#8243;][vc_single_image image=&#8221;14367&#8243; img_size=&#8221;full&#8221; css=&#8221;&#8221;][\/vc_column_inner][vc_column_inner el_class=&#8221;padding-100 text-center&#8221; width=&#8221;1\/2&#8243;][vc_column_text css=&#8221;.vc_custom_1736190249856{margin-bottom: 0px !important;}&#8221; el_class=&#8221;white-text&#8221;]<\/p>\n<h2 class=\"h3\">Simple, facile et efficace!<\/h2>\n<p>[\/vc_column_text][vc_column_text css=&#8221;&#8221;]<\/p>\n<div class=\"simple-easy-efficient-btn\"><a class=\"dist-btn\" href=\"https:\/\/1cleanair.ca\/fr\/obtenir-une-estimation-gratuite\/\" target=\"_self\" rel=\"noopener\">Prenez un rendez-vous en ligne!<\/a><\/div>\n<p>[\/vc_column_text][\/vc_column_inner][\/vc_row_inner][\/vc_column][\/vc_row][vc_row type=&#8221;full_width&#8221; text_align=&#8221;inherit&#8221;][vc_column]<div class=\"templatera_shortcode\"><div class=\"vc_row wpb_row vc_row-fluid wed-love-work-with-you-row padding-100 row-in-grid\"><div class=\"container\"><div class=\"row-in-grid-inner\"><div class=\"wpb_column vc_column_container vc_col-sm-12\"><div class=\"vc_column-inner\"><div class=\"wpb_wrapper\"><div class=\"vc_row wpb_row vc_inner vc_row-fluid wed-love-work-with-you-inner-row padding-b-50 vc_row-o-equal-height vc_row-flex row-full-width\"><div class=\"logos_next_to_bottom_form wpb_column vc_column_container vc_col-sm-5\"><div class=\"vc_column-inner\"><div class=\"wpb_wrapper\">\n\t<div class=\"wpb_text_column wpb_content_element dark-blue-text\" >\n\t\t<div class=\"wpb_wrapper\">\n\t\t\t<h2 class=\"h3\">Nous serions ravis de travailler avec vous!<\/h2>\n\n\t\t<\/div>\n\t<\/div>\n\n\t<div class=\"wpb_text_column wpb_content_element\" >\n\t\t<div class=\"wpb_wrapper\">\n\t\t\t<div class=\"province-head-office-title\">Ontario - Si\u00e8ge social<\/div>\n<div class=\"head-office-title\">Ottawa<\/div>\n<div class=\"head-office-phone\"><strong>T\u00e9l\u00e9hone:<\/strong> <a href=\"tel:+18196642444\"><span class=\"pf_phone\"><span class=\"pf_phone_tel\">819-664-2444<\/span><\/span><\/a><\/div>\n<div class=\"head-office-email\"><strong>Courriel:<\/strong> <a href=\"mailto:service@1cleanair.ca\">service@1cleanair.ca<\/a><\/div>\n<div class=\"head-office-address\"><a href=\"https:\/\/maps.app.goo.gl\/TXndgSKYovSeiPkA7\" target=\"_blank\" rel=\"noopener\">343, rue Preston, Ottawa, ON K1S 1N4<\/a><\/div>\n<div class=\"head-office-location\"><a href=\"https:\/\/1cleanair.ca\/fr\/franchise\/ottawa\/\" target=\"_blank\" rel=\"noopener\">Ottawa, Kingston, Toronto<\/a><\/div>\n\n\t\t<\/div>\n\t<\/div>\n\n\t<div class=\"wpb_text_column wpb_content_element\" >\n\t\t<div class=\"wpb_wrapper\">\n\t\t\t<div class=\"province-head-office-title\">Qu\u00e9bec - Si\u00e8ge social<\/div>\n<div class=\"head-office-title\">Gatineau<\/div>\n<div class=\"head-office-phone\"><strong>T\u00e9l\u00e9phone:<\/strong> <a href=\"tel:+18196642444\"><span class=\"pf_phone\"><span class=\"pf_phone_tel\">819-664-2444<\/span><\/span><\/a><\/div>\n<div class=\"head-office-email\"><strong>Courriel:<\/strong> <a href=\"mailto:service@1cleanair.ca\">service@1cleanair.ca<\/a><\/div>\n<div class=\"head-office-address\"><a href=\"https:\/\/maps.app.goo.gl\/2fhGbSBLZZvZVY1Z9\" target=\"_blank\" rel=\"noopener\">95, boul. de la Technologie, Gatineau, QC J8Z 3G4<\/a><\/div>\n<div class=\"head-office-location\"><a href=\"https:\/\/1cleanair.ca\/fr\/franchise\/gatineau\/\" target=\"_blank\" rel=\"noopener\">Gatineau, Montreal<\/a><\/div>\n\n\t\t<\/div>\n\t<\/div>\n<\/div><\/div><\/div><div class=\"wpb_column vc_column_container vc_col-sm-7\"><div class=\"vc_column-inner\"><div class=\"wpb_wrapper\">\n<div class=\"wpcf7 no-js\" id=\"wpcf7-f13448-o1\" lang=\"fr-FR\" dir=\"ltr\" data-wpcf7-id=\"13448\">\n<div class=\"screen-reader-response\"><p role=\"status\" aria-live=\"polite\" aria-atomic=\"true\"><\/p> <ul><\/ul><\/div>\n<form action=\"\/fr\/wp-json\/wp\/v2\/pages\/19231#wpcf7-f13448-o1\" method=\"post\" class=\"wpcf7-form init\" aria-label=\"Formulaire de contact\" novalidate=\"novalidate\" data-status=\"init\">\n<fieldset class=\"hidden-fields-container\"><input type=\"hidden\" name=\"_wpcf7\" value=\"13448\" \/><input type=\"hidden\" name=\"_wpcf7_version\" value=\"6.1.5\" \/><input type=\"hidden\" name=\"_wpcf7_locale\" value=\"fr_FR\" \/><input type=\"hidden\" name=\"_wpcf7_unit_tag\" value=\"wpcf7-f13448-o1\" \/><input type=\"hidden\" name=\"_wpcf7_container_post\" value=\"0\" \/><input type=\"hidden\" name=\"_wpcf7_posted_data_hash\" value=\"\" \/><input type=\"hidden\" name=\"_wpcf7_recaptcha_response\" value=\"\" \/>\n<\/fieldset>\n<div class=\"contact_form_hero\">\n\t<div class=\"contact_form_hero_image\">\n\t<\/div>\n\t<div class=\"contact_form_hero_group\">\n\t\t<div class=\"full\">\n\t\t\t<h2>Obtenir un devis et r\u00e9server en ligne\n\t\t\t<\/h2>\n\t\t<\/div>\n\t\t<div class=\"half\">\n\t\t\t<p><label for=\"contact_form_name_hero\">Nom du client*<\/label><span class=\"wpcf7-form-control-wrap\" data-name=\"customer_name\"><input size=\"40\" maxlength=\"400\" class=\"wpcf7-form-control wpcf7-text wpcf7-validates-as-required\" id=\"contact_form_name_hero\" aria-required=\"true\" aria-invalid=\"false\" placeholder=\"Nom du client*\" value=\"\" type=\"text\" name=\"customer_name\" \/><\/span>\n\t\t\t<\/p>\n\t\t<\/div>\n\t\t<div class=\"half\">\n\t\t\t<p><label for=\"contact_form_email_address_hero\">Courriel*<\/label><span class=\"wpcf7-form-control-wrap\" data-name=\"email_address\"><input size=\"40\" maxlength=\"400\" class=\"wpcf7-form-control wpcf7-email wpcf7-validates-as-required wpcf7-text wpcf7-validates-as-email\" id=\"contact_form_email_address_hero\" aria-required=\"true\" aria-invalid=\"false\" placeholder=\"Courriel*\" value=\"\" type=\"email\" name=\"email_address\" \/><\/span>\n\t\t\t<\/p>\n\t\t<\/div>\n\t\t<div class=\"half\">\n\t\t\t<p><label for=\"contact_form_phone_number_hero\">T\u00e9l\u00e9phone*<\/label><span class=\"wpcf7-form-control-wrap\" data-name=\"phone_number\"><input size=\"40\" maxlength=\"400\" class=\"wpcf7-form-control wpcf7-text wpcf7-validates-as-required\" id=\"contact_form_phone_number_hero\" aria-required=\"true\" aria-invalid=\"false\" placeholder=\"T\u00e9l\u00e9phone*\" value=\"\" type=\"text\" name=\"phone_number\" \/><\/span>\n\t\t\t<\/p>\n\t\t<\/div>\n\t\t<div class=\"half\">\n\t\t\t<p><label for=\"contact_form_city_hero\">Adresse*<\/label><span class=\"wpcf7-form-control-wrap\" data-name=\"city\"><input size=\"40\" maxlength=\"400\" class=\"wpcf7-form-control wpcf7-text wpcf7-validates-as-required\" id=\"contact_form_city_hero\" aria-required=\"true\" aria-invalid=\"false\" placeholder=\"Adresse*\" value=\"\" type=\"text\" name=\"city\" \/><\/span>\n\t\t\t<\/p>\n\t\t<\/div>\n\t\t<div class=\"full half-large\">\n\t\t\t<p><label for=\"service_list_hero\">Service*<\/label><span class=\"wpcf7-form-control-wrap\" data-name=\"service_list\"><select class=\"wpcf7-form-control wpcf7-select wpcf7-validates-as-required\" id=\"service_list_hero\" aria-required=\"true\" aria-invalid=\"false\" name=\"service_list\"><option value=\"\">Service<\/option><option value=\"Nettoyage de conduits r\u00e9sidentiels\">Nettoyage de conduits r\u00e9sidentiels<\/option><option value=\"Nettoyage de conduits commerciaux\">Nettoyage de conduits commerciaux<\/option><option value=\"D\u00e9poussi\u00e9rage commercial en hauteur\">D\u00e9poussi\u00e9rage commercial en hauteur<\/option><option value=\"Nettoyage ou r\u00e9paration des conduits de s\u00e9chage\">Nettoyage ou r\u00e9paration des conduits de s\u00e9chage<\/option><option value=\"Nettoyage de tapis et de moquettes\">Nettoyage de tapis et de moquettes<\/option><option value=\"Services d&#039;isolation\">Services d&#039;isolation<\/option><option value=\"Services commerciaux\">Services commerciaux<\/option><option value=\"Services industriels\">Services industriels<\/option><option value=\"Scellement de conduits par Aeroseal\">Scellement de conduits par Aeroseal<\/option><option value=\"Autres services\">Autres services<\/option><\/select><\/span>\n\t\t\t<\/p>\n\t\t<\/div>\n\t\t<div class=\"full half-large\">\n\t\t\t<p><label for=\"contact_form_message_hero\">Message (optional)<\/label><span class=\"wpcf7-form-control-wrap\" data-name=\"message\"><input size=\"40\" maxlength=\"400\" class=\"wpcf7-form-control wpcf7-text contact_form_message\" id=\"contact_form_message_hero\" aria-invalid=\"false\" placeholder=\"Message (optionnel)\" value=\"\" type=\"text\" name=\"message\" \/><\/span>\n\t\t\t<\/p>\n\t\t<\/div>\n\t\t<div class=\"full acceptance\">\n\t\t\t<p><span class=\"wpcf7-form-control-wrap\" data-name=\"acceptance\"><span class=\"wpcf7-form-control wpcf7-acceptance\"><span class=\"wpcf7-list-item\"><label><input type=\"checkbox\" name=\"acceptance\" value=\"1\" id=\"acceptance\" aria-invalid=\"false\" \/><span class=\"wpcf7-list-item-label\"><span>J\u2019accepte et comprends que mes informations seront utilis\u00e9es conform\u00e9ment \u00e0 la <a href=\"\/fr\/politique-de-confidentialite\/\" target=\"_blank\">politique de confidentialit\u00e9<\/a> de l\u2019entreprise.<\/span><\/span><\/label><\/span><\/span><\/span>\n\t\t\t<\/p>\n\t\t<\/div>\n\t\t<div class=\"full acceptance text_me_div\">\n\t\t\t<p><span class=\"wpcf7-form-control-wrap\" data-name=\"text_me\"><span class=\"wpcf7-form-control wpcf7-checkbox\" id=\"text_me_hero\"><span class=\"wpcf7-list-item first last\"><input type=\"checkbox\" name=\"text_me[]\" value=\"Oui, envoyez-moi un texto&nbsp;!\" \/><span class=\"wpcf7-list-item-label\">Oui, envoyez-moi un texto&nbsp;!<\/span><\/span><\/span><\/span><br \/>\n<label for=\"text_me_bottom\" class=\"text_me_label\"><span>En cochant cette case, je consens \u00e0 recevoir des messages texte conversationnels de 1&nbsp;Clean&nbsp;Air. R\u00e9pondez STOP pour vous d\u00e9sabonner \u00e0 tout moment. R\u00e9pondez AIDE pour contacter le service \u00e0 la client\u00e8le au 613 612 4828. Des frais de messagerie et de donn\u00e9es peuvent s\u2019appliquer. La fr\u00e9quence des messages peut varier. Pour en savoir plus, consultez notre <a href=\"\/fr\/politique-de-confidentialite\/\" target=\"_blank\">Politique de confidentialit\u00e9<\/a> et nos <a href=\"\/fr\/sms\/\" target=\"_blank\">Conditions g\u00e9n\u00e9rales<\/a>.<\/span><\/label>\n\t\t\t<\/p>\n\t\t<\/div>\n\t\t<div class=\"full submit_group\">\n\t\t\t<div class=\"left\">\n\t\t\t\t<div class=\"hidden\">\n\t\t\t\t\t<p><span class=\"wpcf7-form-control-wrap recipient_email\"><input size=\"40\" class=\"wpcf7-form-control wpcf7-dynamichidden wpcf7dtx-dynamictext\" aria-invalid=\"false\" value=\"&#115;&#101;&#114;&#118;&#105;&#099;&#101;&#064;&#049;&#099;&#108;&#101;&#097;&#110;&#097;&#105;&#114;&#046;&#099;&#097;\" type=\"hidden\" name=\"recipient_email\" \/><\/span><br \/>\n<span class=\"wpcf7-form-control-wrap franchise\"><input size=\"40\" class=\"wpcf7-form-control wpcf7-dynamichidden wpcf7dtx-dynamictext\" aria-invalid=\"false\" value=\"Si\u00e8ge social\" type=\"hidden\" name=\"franchise\" \/><\/span><br \/>\n<span class=\"wpcf7-form-control-wrap company_of_record\"><input size=\"40\" class=\"wpcf7-form-control wpcf7-dynamichidden wpcf7dtx-dynamictext\" aria-invalid=\"false\" value=\"1 Clean Air\" type=\"hidden\" name=\"company_of_record\" \/><\/span><br \/>\n\t\t\t\t\t<input class=\"wpcf7-form-control wpcf7-hidden\" value=\"\" type=\"hidden\" name=\"Lead_Source\" \/><br \/>\n<a href=\"\" class=\"responsibid-lightbox-button\" id=\"top-responsibid-lightbox-button_hero\">Obtenez votre soumission maintenant&nbsp;!<\/a>\n\t\t\t\t\t<\/p>\n\t\t\t\t<\/div>\n\t\t\t\t<div class=\"width_4 submit_btn\">\n\t\t\t\t\t<p><input class=\"wpcf7-form-control wpcf7-submit has-spinner\" type=\"submit\" value=\"Envoyer et planifier maintenant\" \/>\n\t\t\t\t\t<\/p>\n\t\t\t\t<\/div>\n\t\t\t<\/div>\n\t\t\t<div class=\"right\">\n\t\t\t\t<p><img decoding=\"async\" src=\"\/wp-content\/uploads\/2024\/11\/1cleanair-step-towards-healthy-after.svg\" alt=\"\" \/>\n\t\t\t\t<\/p>\n\t\t\t<\/div>\n\t\t<\/div>\n\t<\/div>\n<\/div><input type=\"hidden\" id=\"ct_checkjs_cf7_138bb0696595b338afbab333c555292a\" name=\"ct_checkjs_cf7\" value=\"0\" \/><script >setTimeout(function(){var ct_input_name = \"ct_checkjs_cf7_138bb0696595b338afbab333c555292a\";if (document.getElementById(ct_input_name) !== null) {var ct_input_value = document.getElementById(ct_input_name).value;document.getElementById(ct_input_name).value = document.getElementById(ct_input_name).value.replace(ct_input_value, '1602986123');}}, 1000);<\/script><input\n                    class=\"apbct_special_field apbct_email_id__wp_contact_form_7\"\n                    name=\"apbct__email_id__wp_contact_form_7\"\n                    aria-label=\"apbct__label_id__wp_contact_form_7\"\n                    type=\"text\" size=\"30\" maxlength=\"200\" autocomplete=\"off\"\n                    value=\"\"\n                \/><div class=\"wpcf7-response-output\" aria-hidden=\"true\"><\/div>\n<\/form>\n<\/div>\n<\/div><\/div><\/div><\/div><div class=\"vc_row wpb_row vc_inner vc_row-fluid vc_row-o-equal-height vc_row-flex row-full-width\"><div class=\"wpb_column vc_column_container vc_col-sm-12\"><div class=\"vc_column-inner\"><div class=\"wpb_wrapper\">\n\t<div class=\"wpb_text_column wpb_content_element logos_next_to_bottom_form\" >\n\t\t<div class=\"wpb_wrapper\">\n\t\t\t<p><a style=\"pointer-events: none;\" href=\"#\"><img loading=\"lazy\" decoding=\"async\" class=\"alignnone size-full wp-image-736\" src=\"http:\/\/1cleanair.ca\/wp-content\/uploads\/2024\/11\/1cleanair-reviews.png\" alt=\"1cleanair reviews\" width=\"250\" height=\"125\" \/><\/a><a href=\"https:\/\/nadca.com\/find-a-professional\/1-clean-air\" target=\"_blank\" rel=\"noopener\"><img decoding=\"async\" class=\"alignnone size-full wp-image-799\" src=\"http:\/\/1cleanair.ca\/wp-content\/uploads\/2024\/11\/1cleanair-NADCA-1.svg\" alt=\"1cleanair nadca\" \/><\/a><a href=\"https:\/\/homestars.com\/companies\/2781400-1-clean-air\" target=\"_blank\" rel=\"noopener\"><img loading=\"lazy\" decoding=\"async\" class=\"alignnone size-full wp-image-13869\" src=\"http:\/\/1cleanair.ca\/wp-content\/uploads\/2025\/04\/1cleanair-homestars-2025.png\" alt=\"1cleanair homestars 2025\" width=\"600\" height=\"660\" srcset=\"https:\/\/1cleanair.ca\/wp-content\/uploads\/2025\/04\/1cleanair-homestars-2025.png 600w, https:\/\/1cleanair.ca\/wp-content\/uploads\/2025\/04\/1cleanair-homestars-2025-273x300.png 273w\" sizes=\"auto, (max-width: 600px) 100vw, 600px\" \/><\/a><a href=\"https:\/\/www.ccaward.com\/award-winners\/gatineau-surrounding-area\/best-duct-cleaning\/1cleanair\/\" target=\"_blank\" rel=\"noopener\"><img loading=\"lazy\" decoding=\"async\" class=\"alignnone size-full wp-image-13553\" src=\"http:\/\/1cleanair.ca\/wp-content\/uploads\/2025\/04\/Consumer-Choice-Award-7-years-2025.png\" alt=\"consumer choice award 7 years 2025\" width=\"168\" height=\"230\" \/><\/a><a href=\"https:\/\/www.bbb.org\/ca\/on\/ottawa\/profile\/duct-cleaning\/1-clean-air-0117-21879\" target=\"_blank\" rel=\"noopener\"><img loading=\"lazy\" decoding=\"async\" class=\"alignnone size-full wp-image-734\" src=\"http:\/\/1cleanair.ca\/wp-content\/uploads\/2024\/11\/1cleanair-BBB.png\" alt=\"1cleanair bbb\" width=\"777\" height=\"533\" srcset=\"https:\/\/1cleanair.ca\/wp-content\/uploads\/2024\/11\/1cleanair-BBB.png 777w, https:\/\/1cleanair.ca\/wp-content\/uploads\/2024\/11\/1cleanair-BBB-300x206.png 300w, https:\/\/1cleanair.ca\/wp-content\/uploads\/2024\/11\/1cleanair-BBB-768x527.png 768w\" sizes=\"auto, (max-width: 777px) 100vw, 777px\" \/><\/a><\/p>\n\n\t\t<\/div>\n\t<\/div>\n<\/div><\/div><\/div><\/div><\/div><\/div><\/div><\/div><\/div><\/div><\/div>[\/vc_column][\/vc_row]<\/p>\n<\/div>","protected":false},"excerpt":{"rendered":"Services industriels Nettoyage de conduits d'air industriels N\u0435ttoyag\u0435 d\u0435 syst\u00e8m\u0435 d'\u00e9vacuation industri\u0435l N\u0435ttoyag\u0435 \u0435n profond\u0435ur d\u0435s installations industri\u0435ll\u0435s N\u0435ttoyag\u0435 industri\u0435l d\u0435s murs Simple, facile et efficace! Prenez un rendez-vous en ligne! Nous serions ravis de travailler avec vous! Ontario - Si\u00e8ge social Ottawa T\u00e9l\u00e9hone: 819-664-2444 Courriel: service@1cleanair.ca 343, rue Preston, Ottawa, ON K1S 1N4 Ottawa, [...]","protected":false},"author":1,"featured_media":0,"parent":0,"menu_order":2,"comment_status":"closed","ping_status":"closed","template":"","meta":{"_acf_changed":false,"_seopress_robots_primary_cat":"","_seopress_titles_title":"","_seopress_titles_desc":"","_seopress_robots_index":"","footnotes":""},"class_list":["post-19231","page","type-page","status-publish"],"acf":[],"_links":{"self":[{"href":"https:\/\/1cleanair.ca\/fr\/wp-json\/wp\/v2\/pages\/19231","targetHints":{"allow":["GET"]}}],"collection":[{"href":"https:\/\/1cleanair.ca\/fr\/wp-json\/wp\/v2\/pages"}],"about":[{"href":"https:\/\/1cleanair.ca\/fr\/wp-json\/wp\/v2\/types\/page"}],"author":[{"embeddable":true,"href":"https:\/\/1cleanair.ca\/fr\/wp-json\/wp\/v2\/users\/1"}],"replies":[{"embeddable":true,"href":"https:\/\/1cleanair.ca\/fr\/wp-json\/wp\/v2\/comments?post=19231"}],"version-history":[{"count":1,"href":"https:\/\/1cleanair.ca\/fr\/wp-json\/wp\/v2\/pages\/19231\/revisions"}],"predecessor-version":[{"id":19239,"href":"https:\/\/1cleanair.ca\/fr\/wp-json\/wp\/v2\/pages\/19231\/revisions\/19239"}],"wp:attachment":[{"href":"https:\/\/1cleanair.ca\/fr\/wp-json\/wp\/v2\/media?parent=19231"}],"curies":[{"name":"wp","href":"https:\/\/api.w.org\/{rel}","templated":true}]}}