{"id":2081,"date":"2024-11-18T16:03:38","date_gmt":"2024-11-18T21:03:38","guid":{"rendered":"https:\/\/1cleanair.ca\/career\/"},"modified":"2025-01-22T14:31:28","modified_gmt":"2025-01-22T14:31:28","slug":"carriere","status":"publish","type":"page","link":"https:\/\/1cleanair.ca\/fr\/carriere\/","title":{"rendered":"Carri\u00e8re"},"content":{"rendered":"<div class=\"wpb-content-wrapper\"><p>[vc_row type=&#8221;in_grid&#8221; text_align=&#8221;inherit&#8221; el_class=&#8221;who-are-we-row padding-50&#8243;][vc_column][vc_row_inner equal_height=&#8221;yes&#8221; content_placement=&#8221;middle&#8221; type=&#8221;full_width&#8221; text_align=&#8221;inherit&#8221; el_class=&#8221;who-are-we-inner-row&#8221;][vc_column_inner el_class=&#8221;vc_col-sm-push-4&#8243; width=&#8221;2\/3&#8243;][vc_column_text css=&#8221;.vc_custom_1737556213870{margin-bottom: 50px !important;}&#8221; el_class=&#8221;text-center&#8221;]<\/p>\n<h1 class=\"h2 blue-text\">Carri\u00e8re<\/h1>\n<h5 class=\"dark-blue-text\">Commencez votre carri\u00e8re avec 1 Air Sain !<\/h5>\n<p>[\/vc_column_text][vc_column_text css=&#8221;&#8221; el_class=&#8221;blue-text&#8221;]<\/p>\n<h2>Qui sommes-nous?<\/h2>\n<p>[\/vc_column_text][vc_column_text css=&#8221;&#8221;]1 Air Sain est une entreprise qui dessert aussi bien le r\u00e9sidentiel que le commercial. Elle offre des services comme le nettoyage de conduits d\u2019air, des tapis, de l\u2019ameublement, des tuyaux de s\u00e9cheuse, des unit\u00e9s d\u2019air climatis\u00e9 et la restauration des d\u00e9g\u00e2ts d\u2019eau en 24 heures. Nous vous promettons un service de qualit\u00e9 et vous offrons des \u00e9quipements de nettoyage de pointe en tout temps, c\u2019est-\u00e0-dire 24 heures par jour, 7 jours par semaine. Nos bureaux sont situ\u00e9s dans les r\u00e9gions de Nepean, de Gloucester, de Kanata, d\u2019Orl\u00e9ans, et \u00e0 South Keys, Barrhaven et Stittsville.[\/vc_column_text][vc_column_text css=&#8221;&#8221; el_class=&#8221;checkmark-list&#8221;]<\/p>\n<ul>\n<li><strong>Croissance de la carri\u00e8re<\/strong><\/li>\n<li><strong>Assurance dentaire, vision et vie<\/strong><\/li>\n<\/ul>\n<p>[\/vc_column_text]<a href=\"#formCareer\" target=\"_self\" class=\"dist-btn type3\">Joignez-vous \u00e0 notre \u00e9quipe!<\/a>[\/vc_column_inner][vc_column_inner el_class=&#8221;vc_col-sm-pull-8 text-center&#8221; width=&#8221;1\/3&#8243; css=&#8221;.vc_custom_1731939767921{background-color: #003667 !important;}&#8221;][vc_column_text css=&#8221;&#8221; el_class=&#8221;white-text padding-t-50&#8243;]<\/p>\n<h3>Nous aimerions que vous travailliez avec nous !<\/h3>\n<p>[\/vc_column_text]<a href=\"#formCareer\" target=\"_self\" class=\"dist-btn\">Rejoignez l'\u00e9quipe !<\/a>[vc_single_image image=&#8221;1684&#8243; img_size=&#8221;full&#8221; alignment=&#8221;center&#8221; css=&#8221;&#8221; el_class=&#8221;padding-t-50&#8243;][\/vc_column_inner][\/vc_row_inner][\/vc_column][\/vc_row][vc_row type=&#8221;in_grid&#8221; text_align=&#8221;inherit&#8221; el_id=&#8221;formCareer&#8221; el_class=&#8221;join-us-today-row padding-t-100 padding-b-50&#8243;][vc_column][vc_row_inner equal_height=&#8221;yes&#8221; content_placement=&#8221;middle&#8221; type=&#8221;full_width&#8221; text_align=&#8221;inherit&#8221; el_class=&#8221;join-us-today-inner-row&#8221;][vc_column_inner el_class=&#8221;text-center&#8221; width=&#8221;5\/12&#8243;][vc_column_text css=&#8221;&#8221; el_class=&#8221;dark-blue-text&#8221;]<\/p>\n<h2>Rejoignez-nous d\u00e8s aujourd&#8217;hui !<\/h2>\n<p>[\/vc_column_text][vc_column_text css=&#8221;&#8221; el_class=&#8221;blue-text&#8221;]<\/p>\n<h6>Remplissez vos coordonn\u00e9es et nous vous contacterons.<\/h6>\n<p>[\/vc_column_text][vc_single_image image=&#8221;759&#8243; img_size=&#8221;full&#8221; alignment=&#8221;center&#8221; css=&#8221;&#8221;][\/vc_column_inner][vc_column_inner width=&#8221;7\/12&#8243; css=&#8221;.vc_custom_1731946958739{background-color: #DBF2FB !important;}&#8221;][vc_column_text css=&#8221;&#8221; el_class=&#8221;blue-text text-center&#8221;]<\/p>\n<h3>Nous serions ravis de travailler avec vous!<\/h3>\n<p>[\/vc_column_text]\n<div class=\"wpcf7 no-js\" id=\"wpcf7-f10166-o1\" lang=\"fr-FR\" dir=\"ltr\" data-wpcf7-id=\"10166\">\n<div class=\"screen-reader-response\"><p role=\"status\" aria-live=\"polite\" aria-atomic=\"true\"><\/p> <ul><\/ul><\/div>\n<form action=\"\/fr\/wp-json\/wp\/v2\/pages\/2081#wpcf7-f10166-o1\" method=\"post\" class=\"wpcf7-form init\" aria-label=\"Formulaire de contact\" enctype=\"multipart\/form-data\" novalidate=\"novalidate\" data-status=\"init\">\n<fieldset class=\"hidden-fields-container\"><input type=\"hidden\" name=\"_wpcf7\" value=\"10166\" \/><input type=\"hidden\" name=\"_wpcf7_version\" value=\"6.1.5\" \/><input type=\"hidden\" name=\"_wpcf7_locale\" value=\"fr_FR\" \/><input type=\"hidden\" name=\"_wpcf7_unit_tag\" value=\"wpcf7-f10166-o1\" \/><input type=\"hidden\" name=\"_wpcf7_container_post\" value=\"0\" \/><input type=\"hidden\" name=\"_wpcf7_posted_data_hash\" value=\"\" \/><input type=\"hidden\" name=\"_wpcf7_recaptcha_response\" value=\"\" \/>\n<\/fieldset>\n<div class=\"vc_row case-studies-form\">\n\t<div class=\"vc_col-sm-6\">\n\t\t<p><span class=\"wpcf7-form-control-wrap\" data-name=\"your-f-name\"><input size=\"40\" maxlength=\"400\" class=\"wpcf7-form-control wpcf7-text wpcf7-validates-as-required\" aria-required=\"true\" aria-invalid=\"false\" placeholder=\"Pr\u00e9nom*\" value=\"\" type=\"text\" name=\"your-f-name\" \/><\/span>\n\t\t<\/p>\n\t<\/div>\n\t<div class=\"vc_col-sm-6\">\n\t\t<p><span class=\"wpcf7-form-control-wrap\" data-name=\"your-l-name\"><input size=\"40\" maxlength=\"400\" class=\"wpcf7-form-control wpcf7-text wpcf7-validates-as-required\" aria-required=\"true\" aria-invalid=\"false\" placeholder=\"Nom*\" value=\"\" type=\"text\" name=\"your-l-name\" \/><\/span>\n\t\t<\/p>\n\t<\/div>\n\t<div class=\"vc_col-sm-6\">\n\t\t<p><span class=\"wpcf7-form-control-wrap\" data-name=\"your-email\"><input size=\"40\" maxlength=\"400\" class=\"wpcf7-form-control wpcf7-email wpcf7-validates-as-required wpcf7-text wpcf7-validates-as-email\" aria-required=\"true\" aria-invalid=\"false\" placeholder=\"Courriel*\" value=\"\" type=\"email\" name=\"your-email\" \/><\/span>\n\t\t<\/p>\n\t<\/div>\n\t<div class=\"vc_col-sm-6\">\n\t\t<p><span class=\"wpcf7-form-control-wrap\" data-name=\"phone\"><input size=\"40\" maxlength=\"400\" class=\"wpcf7-form-control wpcf7-text wpcf7-validates-as-required\" aria-required=\"true\" aria-invalid=\"false\" placeholder=\"T\u00e9l\u00e9phone*\" value=\"\" type=\"text\" name=\"phone\" \/><\/span>\n\t\t<\/p>\n\t<\/div>\n\t<div class=\"vc_col-sm-6\">\n\t\t<p><span class=\"wpcf7-form-control-wrap\" data-name=\"city\"><input size=\"40\" maxlength=\"400\" class=\"wpcf7-form-control wpcf7-text wpcf7-validates-as-required\" aria-required=\"true\" aria-invalid=\"false\" placeholder=\"Ville*\" value=\"\" type=\"text\" name=\"city\" \/><\/span>\n\t\t<\/p>\n\t<\/div>\n\t<div class=\"vc_col-sm-6\">\n\t\t<p><span class=\"wpcf7-form-control-wrap\" data-name=\"country\"><input size=\"40\" maxlength=\"400\" class=\"wpcf7-form-control wpcf7-text wpcf7-validates-as-required\" aria-required=\"true\" aria-invalid=\"false\" placeholder=\"Pays*\" value=\"\" type=\"text\" name=\"country\" \/><\/span>\n\t\t<\/p>\n\t<\/div>\n\t<div class=\"vc_col-sm-12\">\n\t\t<p><span class=\"wpcf7-form-control-wrap\" data-name=\"role\"><input size=\"40\" maxlength=\"400\" class=\"wpcf7-form-control wpcf7-text wpcf7-validates-as-required\" aria-required=\"true\" aria-invalid=\"false\" placeholder=\"R\u00f4le*\" value=\"\" type=\"text\" name=\"role\" \/><\/span>\n\t\t<\/p>\n\t<\/div>\n\t<div class=\"vc_col-sm-12 text-center\">\n\t\t<p><span class=\"wpcf7-form-control-wrap\" data-name=\"file\"><input size=\"40\" class=\"wpcf7-form-control wpcf7-file\" accept=\"image\/*,.txt\" aria-invalid=\"false\" type=\"file\" name=\"file\" \/><\/span>\n\t\t<\/p>\n\t<\/div>\n\t<div class=\"vc_col-sm-12 text-center\">\n\t<input class=\"wpcf7-form-control wpcf7-hidden\" value=\"\" type=\"hidden\" name=\"Lead_Source\" \/>\n\t\t<p><input class=\"wpcf7-form-control wpcf7-submit has-spinner\" type=\"submit\" value=\"Envoyer\" \/>\n\t\t<\/p>\n\t<\/div>\n<\/div><input type=\"hidden\" id=\"ct_checkjs_cf7_58a2fc6ed39fd083f55d4182bf88826d\" name=\"ct_checkjs_cf7\" value=\"0\" \/><script >setTimeout(function(){var ct_input_name = \"ct_checkjs_cf7_58a2fc6ed39fd083f55d4182bf88826d\";if (document.getElementById(ct_input_name) !== null) {var ct_input_value = document.getElementById(ct_input_name).value;document.getElementById(ct_input_name).value = document.getElementById(ct_input_name).value.replace(ct_input_value, '875388417');}}, 1000);<\/script><input\n                    class=\"apbct_special_field apbct_email_id__wp_contact_form_7\"\n                    name=\"apbct__email_id__wp_contact_form_7\"\n                    aria-label=\"apbct__label_id__wp_contact_form_7\"\n                    type=\"text\" size=\"30\" maxlength=\"200\" autocomplete=\"off\"\n                    value=\"\"\n                \/><div class=\"wpcf7-response-output\" aria-hidden=\"true\"><\/div>\n<\/form>\n<\/div>\n[\/vc_column_inner][\/vc_row_inner][\/vc_column][\/vc_row][vc_row type=&#8221;in_grid&#8221; text_align=&#8221;inherit&#8221; el_class=&#8221;meet-the-team-row padding-50&#8243; css=&#8221;.vc_custom_1731940154336{background-color: #F2FAFD !important;}&#8221;][vc_column][vc_row_inner equal_height=&#8221;yes&#8221; type=&#8221;full_width&#8221; text_align=&#8221;inherit&#8221; el_class=&#8221;meet-the-team-inner-row&#8221;][vc_column_inner el_class=&#8221;padding-100&#8243; width=&#8221;1\/2&#8243;][vc_column_text css=&#8221;&#8221; el_class=&#8221;dark-blue-text&#8221;]<\/p>\n<h2>Faites connaissance avec notre \u00e9quipe<\/h2>\n<p>[\/vc_column_text][vc_column_text css=&#8221;&#8221;]Nous sommes une \u00e9quipe exp\u00e9riment\u00e9e unique compos\u00e9e de nettoyeurs de conduits d\u2019air et de tapis qualifi\u00e9s et professionnels, qui vous offrent un service de qualit\u00e9 exceptionnelle dans l\u2019industrie. Nous sommes des techniciens form\u00e9s dans des techniques de nettoyage sp\u00e9cifiques certifi\u00e9es par les normes de la NADCA (National Air Duct Cleaners Association). Le personnel de 1 Air Sain le plus exp\u00e9riment\u00e9 fait partie de l\u2019\u00e9quipe depuis plus de 15 ans. Au cours de ces ann\u00e9es, nous avons effectu\u00e9 plus de 75000 nettoyages de conduits d\u2019air, de tapis et de tuyaux de s\u00e9cheuses r\u00e9sidentielles et commerciales, ainsi que des services de restauration de d\u00e9g\u00e2ts d\u2019eau.[\/vc_column_text]<a href=\"#formCareer\" target=\"_self\" class=\"dist-btn\">Joignez-vous \u00e0 notre \u00e9quipe!<\/a>[\/vc_column_inner][vc_column_inner width=&#8221;1\/2&#8243; css=&#8221;.vc_custom_1731940120980{background-image: url(http:\/\/1cleanair.ca\/wp-content\/uploads\/2024\/11\/1ca-meet-the-team.jpg?id=1694) !important;}&#8221;][\/vc_column_inner][\/vc_row_inner][\/vc_column][\/vc_row][vc_row type=&#8221;in_grid&#8221; text_align=&#8221;inherit&#8221; el_class=&#8221;our-story-row padding-100&#8243;][vc_column][vc_row_inner equal_height=&#8221;yes&#8221; type=&#8221;full_width&#8221; text_align=&#8221;inherit&#8221; el_class=&#8221;our-story-inner-row&#8221;][vc_column_inner width=&#8221;1\/3&#8243; css=&#8221;.vc_custom_1731940802667{background-image: url(http:\/\/1cleanair.ca\/wp-content\/uploads\/2024\/11\/1ca-our-story-img.png?id=1700) !important;background-position: center !important;background-repeat: no-repeat !important;background-size: contain !important;}&#8221;][\/vc_column_inner][vc_column_inner el_class=&#8221;padding-100&#8243; width=&#8221;2\/3&#8243;][vc_column_text css=&#8221;&#8221; el_class=&#8221;blue-text&#8221;]<\/p>\n<h2>Notre histoire<\/h2>\n<p>[\/vc_column_text][vc_column_text css=&#8221;&#8221;]1 Air Sain nettoie des conduits d\u2019air et des tapis depuis 1985. Apr\u00e8s 30 ans d\u2019exp\u00e9rience, notre entreprise familiale est l\u2019une des entreprises les plus r\u00e9put\u00e9es de l\u2019industrie. Au cours des ann\u00e9es, nous avons \u00e9quip\u00e9 notre entreprise de 7 nouveaux v\u00e9hicules qui sont op\u00e9r\u00e9s par notre personnel. Aujourd\u2019hui, nous savons que le succ\u00e8s se construit sur les quelques solides principes que nous suivons fi\u00e8rement chaque jour :[\/vc_column_text][vc_column_text css=&#8221;&#8221; el_class=&#8221;checkmark-2col-list checkmark-list&#8221;]<\/p>\n<ul>\n<li><strong>Approche constante du service \u00e0 la client\u00e8le dont le but est votre satisfaction garantie \u00e0 100%<\/strong><\/li>\n<li><strong>Des techniciens hautement qualifi\u00e9s et certifi\u00e9s en mati\u00e8re de nettoyage.<\/strong><\/li>\n<li><strong>Qualit\u00e9 et rigueur<\/strong><\/li>\n<li><strong>\u00c9quipement de pointe<\/strong><\/li>\n<li><strong>Disponibilit\u00e9 pour urgences \u00e0 domicile en tout temps<\/strong><\/li>\n<\/ul>\n<p>[\/vc_column_text][\/vc_column_inner][\/vc_row_inner][\/vc_column][\/vc_row][vc_row type=&#8221;in_grid&#8221; text_align=&#8221;inherit&#8221; el_class=&#8221;why-1-clean-air-row padding-100 waves_bp_top&#8221; css=&#8221;.vc_custom_1731941162518{background-color: #28A9F2 !important;}&#8221;][vc_column][\/vc_column][\/vc_row]<\/p>\n<\/div>","protected":false},"excerpt":{"rendered":"<p>[vc_row type=&#8221;in_grid&#8221; text_align=&#8221;inherit&#8221; el_class=&#8221;who-are-we-row padding-50&#8243;][vc_column][vc_row_inner equal_height=&#8221;yes&#8221; content_placement=&#8221;middle&#8221; type=&#8221;full_width&#8221; text_align=&#8221;inherit&#8221; el_class=&#8221;who-are-we-inner-row&#8221;][vc_column_inner el_class=&#8221;vc_col-sm-push-4&#8243; width=&#8221;2\/3&#8243;][vc_column_text css=&#8221;.vc_custom_1737556213870{margin-bottom: 50px !important;}&#8221; el_class=&#8221;text-center&#8221;] Carri\u00e8re Commencez votre carri\u00e8re avec 1 Air Sain ! [\/vc_column_text][vc_column_text css=&#8221;&#8221; el_class=&#8221;blue-text&#8221;] Qui sommes-nous? [\/vc_column_text][vc_column_text css=&#8221;&#8221;]1 Air Sain est une entreprise qui dessert aussi bien le r\u00e9sidentiel que le commercial. Elle offre des services comme le nettoyage de conduits [&hellip;]<\/p>\n","protected":false},"author":1,"featured_media":0,"parent":0,"menu_order":15,"comment_status":"closed","ping_status":"closed","template":"","meta":{"_acf_changed":false,"_seopress_robots_primary_cat":"","_seopress_titles_title":"","_seopress_titles_desc":"","_seopress_robots_index":"","footnotes":""},"class_list":["post-2081","page","type-page","status-publish"],"acf":[],"_links":{"self":[{"href":"https:\/\/1cleanair.ca\/fr\/wp-json\/wp\/v2\/pages\/2081","targetHints":{"allow":["GET"]}}],"collection":[{"href":"https:\/\/1cleanair.ca\/fr\/wp-json\/wp\/v2\/pages"}],"about":[{"href":"https:\/\/1cleanair.ca\/fr\/wp-json\/wp\/v2\/types\/page"}],"author":[{"embeddable":true,"href":"https:\/\/1cleanair.ca\/fr\/wp-json\/wp\/v2\/users\/1"}],"replies":[{"embeddable":true,"href":"https:\/\/1cleanair.ca\/fr\/wp-json\/wp\/v2\/comments?post=2081"}],"version-history":[{"count":0,"href":"https:\/\/1cleanair.ca\/fr\/wp-json\/wp\/v2\/pages\/2081\/revisions"}],"wp:attachment":[{"href":"https:\/\/1cleanair.ca\/fr\/wp-json\/wp\/v2\/media?parent=2081"}],"curies":[{"name":"wp","href":"https:\/\/api.w.org\/{rel}","templated":true}]}}