{"id":20924,"date":"2025-06-16T09:58:13","date_gmt":"2025-06-16T13:58:13","guid":{"rendered":"https:\/\/1cleanair.ca\/sms\/"},"modified":"2025-06-30T11:22:17","modified_gmt":"2025-06-30T15:22:17","slug":"sms","status":"publish","type":"page","link":"https:\/\/1cleanair.ca\/fr\/sms\/","title":{"rendered":"Conditions g\u00e9n\u00e9rales des SMS"},"content":{"rendered":"<div class=\"wpb-content-wrapper\"><p>[vc_row type=&#8221;in_grid&#8221; text_align=&#8221;inherit&#8221; el_class=&#8221;padding-100&#8243;][vc_column][vc_row_inner type=&#8221;full_width&#8221; text_align=&#8221;inherit&#8221;][vc_column_inner][vc_column_text css=&#8221;&#8221; el_class=&#8221;dark-blue-text text-center&#8221;]<\/p>\n<h1 class=\"h2\">Conditions g\u00e9n\u00e9rales des SMS<\/h1>\n<p>[\/vc_column_text][vc_column_text css=&#8221;&#8221;]<strong>Date\u00a0: 2025-06-16<\/strong><\/p>\n<p>2858-2666 Qu\u00e9bec Inc. est une entreprise enregistr\u00e9e qui exerce ses activit\u00e9s sous le nom de 1Clean Air Inc.<\/p>\n<p><strong><u>Consentement pour la communication par SMS<\/u><\/strong><\/p>\n<p>Les informations (num\u00e9ros de t\u00e9l\u00e9phone) obtenues dans le cadre du processus de consentement aux SMS ne seront pas partag\u00e9es avec des tiers \u00e0 des fins de marketing.<\/p>\n<p><strong><u>Types de communications par SMS<\/u><\/strong><\/p>\n<p>Si vous avez consenti \u00e0 recevoir des messages texte de 1 Clean Air, vous pourriez recevoir des messages concernant les \u00e9l\u00e9ments suivants (exemples pr\u00e9cis) :<\/p>\n<ul>\n<li>Rappels de rendez-vous<\/li>\n<li>Messages de suivi<\/li>\n<li>Demandes de renseignements sur la facturation<\/li>\n<li>Promotions ou offres (le cas \u00e9ch\u00e9ant)<\/li>\n<\/ul>\n<p><strong><u>Fr\u00e9quence des messages<\/u><\/strong><\/p>\n<p>La fr\u00e9quence des messages peut varier en fonction du type de communication. Par exemple, vous pourriez recevoir jusqu\u2019\u00e0 [X] messages SMS par semaine concernant vos [rendez-vous\/facturation, etc.].<\/p>\n<p><strong><u>Frais potentiels pour les messages SMS<\/u><\/strong><\/p>\n<p>Veuillez noter que des frais standards de messagerie et de transmission de donn\u00e9es peuvent s\u2019appliquer, selon le plan tarifaire de votre fournisseur. Ces frais peuvent varier si le message est envoy\u00e9 au niveau national ou international.<\/p>\n<p><strong><u>M\u00e9thode d\u2019adh\u00e9sion<\/u><\/strong><\/p>\n<p>Vous pouvez consentir \u00e0 recevoir des SMS de 1 Clean Air de la mani\u00e8re suivante :<\/p>\n<ul>\n<li>En remplissant un formulaire en ligne<\/li>\n<\/ul>\n<p><strong><u>M\u00e9thode de d\u00e9sabonnement<\/u><\/strong><\/p>\n<p>Vous pouvez vous d\u00e9sinscrire des messages SMS \u00e0 tout moment. Pour ce faire, il suffit de r\u00e9pondre \u00ab\u00a0STOP\u00a0\u00bb \u00e0 tout message SMS re\u00e7u. Vous pouvez \u00e9galement nous contacter directement pour demander \u00e0 \u00eatre retir\u00e9 de notre liste d\u2019envoi.<\/p>\n<p><strong><u>Aide<\/u><\/strong><\/p>\n<p>Si vous rencontrez un probl\u00e8me, vous pouvez r\u00e9pondre avec le mot-cl\u00e9 AIDE. Vous pouvez \u00e9galement nous contacter directement \u00e0 l\u2019adresse suivante : <a href=\"mailto:gatineau@1cleanair.ca\">gatineau@1cleanair.ca<\/a><\/p>\n<p>Options suppl\u00e9mentaires :<\/p>\n<ul>\n<li>Si vous ne souhaitez pas recevoir de messages SMS, vous pouvez choisir de ne pas cocher la case de consentement sur nos formulaires.<\/li>\n<\/ul>\n<p><strong><u>Mentions l\u00e9gales standard sur les messages<\/u><\/strong><\/p>\n<p>Des frais de messagerie et de donn\u00e9es peuvent s\u2019appliquer.<\/p>\n<p>Vous pouvez vous d\u00e9sabonner \u00e0 tout moment en envoyant le message \u00ab\u00a0STOP\u00a0\u00bb.<\/p>\n<p>Pour obtenir de l\u2019aide, envoyez le mot \u00ab\u00a0AIDE\u00a0\u00bb ou consultez nos pages <a href=\"https:\/\/1cleanair.ca\/fr\/politique-de-confidentialite\/\">Politique de confidentialit\u00e9<\/a> et <a href=\"https:\/\/1cleanair.ca\/fr\/politique-de-protection-des-renseignements-personnels\/\">Politique de protection des renseignements personnels<\/a>.<\/p>\n<p>La fr\u00e9quence des messages peut varier.[\/vc_column_text][\/vc_column_inner][\/vc_row_inner][\/vc_column][\/vc_row]<\/p>\n<\/div>","protected":false},"excerpt":{"rendered":"<p>[vc_row type=&#8221;in_grid&#8221; text_align=&#8221;inherit&#8221; el_class=&#8221;padding-100&#8243;][vc_column][vc_row_inner type=&#8221;full_width&#8221; text_align=&#8221;inherit&#8221;][vc_column_inner][vc_column_text css=&#8221;&#8221; el_class=&#8221;dark-blue-text text-center&#8221;] Conditions g\u00e9n\u00e9rales des SMS [\/vc_column_text][vc_column_text css=&#8221;&#8221;]Date\u00a0: 2025-06-16 2858-2666 Qu\u00e9bec Inc. est une entreprise enregistr\u00e9e qui exerce ses activit\u00e9s sous le nom de 1Clean Air Inc. Consentement pour la communication par SMS Les informations (num\u00e9ros de t\u00e9l\u00e9phone) obtenues dans le cadre du processus de consentement aux SMS [&hellip;]<\/p>\n","protected":false},"author":1,"featured_media":0,"parent":0,"menu_order":0,"comment_status":"closed","ping_status":"closed","template":"","meta":{"_acf_changed":false,"_seopress_robots_primary_cat":"","_seopress_titles_title":"","_seopress_titles_desc":"","_seopress_robots_index":"","footnotes":""},"class_list":["post-20924","page","type-page","status-publish"],"acf":[],"_links":{"self":[{"href":"https:\/\/1cleanair.ca\/fr\/wp-json\/wp\/v2\/pages\/20924","targetHints":{"allow":["GET"]}}],"collection":[{"href":"https:\/\/1cleanair.ca\/fr\/wp-json\/wp\/v2\/pages"}],"about":[{"href":"https:\/\/1cleanair.ca\/fr\/wp-json\/wp\/v2\/types\/page"}],"author":[{"embeddable":true,"href":"https:\/\/1cleanair.ca\/fr\/wp-json\/wp\/v2\/users\/1"}],"replies":[{"embeddable":true,"href":"https:\/\/1cleanair.ca\/fr\/wp-json\/wp\/v2\/comments?post=20924"}],"version-history":[{"count":3,"href":"https:\/\/1cleanair.ca\/fr\/wp-json\/wp\/v2\/pages\/20924\/revisions"}],"predecessor-version":[{"id":21704,"href":"https:\/\/1cleanair.ca\/fr\/wp-json\/wp\/v2\/pages\/20924\/revisions\/21704"}],"wp:attachment":[{"href":"https:\/\/1cleanair.ca\/fr\/wp-json\/wp\/v2\/media?parent=20924"}],"curies":[{"name":"wp","href":"https:\/\/api.w.org\/{rel}","templated":true}]}}