{"id":2183,"date":"2024-10-31T19:18:26","date_gmt":"2024-10-31T23:18:26","guid":{"rendered":"https:\/\/1cleanair.ca\/pricing\/"},"modified":"2026-03-26T09:02:15","modified_gmt":"2026-03-26T13:02:15","slug":"tarifs","status":"publish","type":"page","link":"https:\/\/1cleanair.ca\/fr\/tarifs\/","title":{"rendered":"Tarifs"},"content":{"rendered":"<div class=\"wpb-content-wrapper\"><p>[vc_row type=&#8221;full_width&#8221; text_align=&#8221;center&#8221; el_class=&#8221;padding-50&#8243;][vc_column][vc_row_inner type=&#8221;in_grid&#8221; text_align=&#8221;inherit&#8221; el_class=&#8221;padding-b-50&#8243;][vc_column_inner][vc_column_text css=&#8221;&#8221; el_class=&#8221;blue-text&#8221;]<\/p>\n<h1>Tarifs<\/h1>\n<p>[\/vc_column_text][vc_column_text css=&#8221;&#8221;]Vous \u00eates pr\u00eats \u00e0 prendre un rendez-vous? R\u00e9servez en ligne ci-dessous![\/vc_column_text][\/vc_column_inner][\/vc_row_inner][vc_row_inner type=&#8221;full_width&#8221; text_align=&#8221;inherit&#8221;][vc_column_inner][vc_raw_html css=&#8221;&#8221;]JTNDZGl2JTIwY2xhc3MlM0QlMjJib29raW5nLXNlY3Rpb24lMjIlM0UlMEQlMEElMjAlMjAlM0NpZnJhbWUlMEQlMEElMjAlMjAlMjAlMjBzcmMlM0QlMjJodHRwcyUzQSUyRiUyRnd3dy4xY2xlYW5haXIuYXBwJTIyJTBEJTBBJTIwJTIwJTIwJTIwd2lkdGglM0QlMjIxMDAlMjUlMjIlMEQlMEElMjAlMjAlMjAlMjBoZWlnaHQlM0QlMjI4MDAlMjIlMEQlMEElMjAlMjAlMjAlMjBzdHlsZSUzRCUyMmJvcmRlciUzQW5vbmUlM0Jib3JkZXItcmFkaXVzJTNBMTJweCUzQiUyMiUwRCUwQSUyMCUyMCUyMCUyMGxvYWRpbmclM0QlMjJsYXp5JTIyJTNFJTBEJTBBJTIwJTIwJTNDJTJGaWZyYW1lJTNFJTBEJTBBJTNDJTJGZGl2JTNF[\/vc_raw_html][\/vc_column_inner][\/vc_row_inner][\/vc_column][\/vc_row]<\/p>\n<\/div>","protected":false},"excerpt":{"rendered":"<p>[vc_row type=&#8221;full_width&#8221; text_align=&#8221;center&#8221; el_class=&#8221;padding-50&#8243;][vc_column][vc_row_inner type=&#8221;in_grid&#8221; text_align=&#8221;inherit&#8221; el_class=&#8221;padding-b-50&#8243;][vc_column_inner][vc_column_text css=&#8221;&#8221; el_class=&#8221;blue-text&#8221;] Tarifs [\/vc_column_text][vc_column_text css=&#8221;&#8221;]Vous \u00eates pr\u00eats \u00e0 prendre un rendez-vous? R\u00e9servez en ligne ci-dessous![\/vc_column_text][\/vc_column_inner][\/vc_row_inner][vc_row_inner type=&#8221;full_width&#8221; text_align=&#8221;inherit&#8221;][vc_column_inner][vc_raw_html css=&#8221;&#8221;]JTNDZGl2JTIwY2xhc3MlM0QlMjJib29raW5nLXNlY3Rpb24lMjIlM0UlMEQlMEElMjAlMjAlM0NpZnJhbWUlMEQlMEElMjAlMjAlMjAlMjBzcmMlM0QlMjJodHRwcyUzQSUyRiUyRnd3dy4xY2xlYW5haXIuYXBwJTIyJTBEJTBBJTIwJTIwJTIwJTIwd2lkdGglM0QlMjIxMDAlMjUlMjIlMEQlMEElMjAlMjAlMjAlMjBoZWlnaHQlM0QlMjI4MDAlMjIlMEQlMEElMjAlMjAlMjAlMjBzdHlsZSUzRCUyMmJvcmRlciUzQW5vbmUlM0Jib3JkZXItcmFkaXVzJTNBMTJweCUzQiUyMiUwRCUwQSUyMCUyMCUyMCUyMGxvYWRpbmclM0QlMjJsYXp5JTIyJTNFJTBEJTBBJTIwJTIwJTNDJTJGaWZyYW1lJTNFJTBEJTBBJTNDJTJGZGl2JTNF[\/vc_raw_html][\/vc_column_inner][\/vc_row_inner][\/vc_column][\/vc_row]<\/p>\n","protected":false},"author":1,"featured_media":0,"parent":0,"menu_order":8,"comment_status":"closed","ping_status":"closed","template":"","meta":{"_acf_changed":false,"_seopress_robots_primary_cat":"","_seopress_titles_title":"","_seopress_titles_desc":"","_seopress_robots_index":"","footnotes":""},"class_list":["post-2183","page","type-page","status-publish"],"acf":[],"_links":{"self":[{"href":"https:\/\/1cleanair.ca\/fr\/wp-json\/wp\/v2\/pages\/2183","targetHints":{"allow":["GET"]}}],"collection":[{"href":"https:\/\/1cleanair.ca\/fr\/wp-json\/wp\/v2\/pages"}],"about":[{"href":"https:\/\/1cleanair.ca\/fr\/wp-json\/wp\/v2\/types\/page"}],"author":[{"embeddable":true,"href":"https:\/\/1cleanair.ca\/fr\/wp-json\/wp\/v2\/users\/1"}],"replies":[{"embeddable":true,"href":"https:\/\/1cleanair.ca\/fr\/wp-json\/wp\/v2\/comments?post=2183"}],"version-history":[{"count":4,"href":"https:\/\/1cleanair.ca\/fr\/wp-json\/wp\/v2\/pages\/2183\/revisions"}],"predecessor-version":[{"id":68229,"href":"https:\/\/1cleanair.ca\/fr\/wp-json\/wp\/v2\/pages\/2183\/revisions\/68229"}],"wp:attachment":[{"href":"https:\/\/1cleanair.ca\/fr\/wp-json\/wp\/v2\/media?parent=2183"}],"curies":[{"name":"wp","href":"https:\/\/api.w.org\/{rel}","templated":true}]}}