{"id":31460,"date":"2025-10-31T13:45:37","date_gmt":"2025-10-31T17:45:37","guid":{"rendered":"https:\/\/1cleanair.ca\/rbq-licence-and-cmmtq-restricted-work\/"},"modified":"2025-10-31T13:50:47","modified_gmt":"2025-10-31T17:50:47","slug":"licence-rbq-et-travaux-reserves-cmmtq","status":"publish","type":"page","link":"https:\/\/1cleanair.ca\/fr\/licence-rbq-et-travaux-reserves-cmmtq\/","title":{"rendered":"Licence RBQ et travaux r\u00e9serv\u00e9s CMMTQ"},"content":{"rendered":"<div class=\"wpb-content-wrapper\"><p>[vc_row type=&#8221;in_grid&#8221; text_align=&#8221;inherit&#8221; el_class=&#8221;padding-100&#8243;][vc_column][vc_row_inner type=&#8221;full_width&#8221; text_align=&#8221;inherit&#8221;][vc_column_inner][vc_column_text css=&#8221;&#8221; el_class=&#8221;dark-blue-text text-center&#8221;]<\/p>\n<h1 class=\"h2\">Avis \u2013 Licence RBQ et travaux r\u00e9serv\u00e9s CMMTQ<\/h1>\n<p>[\/vc_column_text][vc_column_text css=&#8221;&#8221;]1 Clean Air \/ 1 Air Pur d\u00e9tient unelicence valide d\u00e9livr\u00e9e par la R\u00e9gie du b\u00e2timent du Qu\u00e9bec (RBQ 5671-7564-01).<\/p>\n<p>Notre licence nous autorise \u00e0 ex\u00e9cuter plusieurs travaux sp\u00e9cialis\u00e9s, notamment l\u2019excavation, la ma\u00e7onnerie, l\u2019isolation et les rev\u00eatements ext\u00e9rieurs, les portes et fen\u00eatres, les travaux de finition, les installations sp\u00e9ciales et les syst\u00e8mes d\u2019intercommunication, conform\u00e9ment \u00e0 laLoi sur le b\u00e2timent (RLRQ c. B-1.1).<\/p>\n<p>Cependant, notre licence n\u2019inclut pas les sous-cat\u00e9gories r\u00e9serv\u00e9es aux travaux de plomberie, de chauffage, de gaz ou de syst\u00e8mes m\u00e9caniques, r\u00e9gis par la Loi sur les ma\u00eetres m\u00e9caniciens en tuyauterie (RLRQ c. M-4) et administr\u00e9s par la Corporation des ma\u00eetres m\u00e9caniciens en tuyauterie du Qu\u00e9bec (CMMTQ).<\/p>\n<p>Tous les travaux r\u00e9glement\u00e9s par la CMMTQ \u2014 plomberie, chauffage, gaz, ventilation et r\u00e9frig\u00e9ration \u2014 sont effectu\u00e9s exclusivement par notre partenaire licenci\u00e9, AP Heating and Ventilation Ltd. (RBQ 5863-6085-01), entrepreneur d\u00e9tenant les sous-cat\u00e9gories sp\u00e9cialis\u00e9es requises et reconnues par la RBQ et la CMMTQ.<\/p>\n<p>1 Clean Air \/ 1 Air Pur agit en pleine conformit\u00e9 avec les lois du Qu\u00e9bec en collaborant uniquement avec des professionnels d\u00fbment accr\u00e9dit\u00e9s pour chaque domaine de travail.<\/p>\n<p>Pour v\u00e9rification des licences :<\/p>\n<p>Registre RBQ : <a href=\"https:\/\/www.rbq.gouv.qc.ca\/\" target=\"_blank\" rel=\"noopener\">www.rbq.gouv.qc.ca<\/a><\/p>\n<p>R\u00e9pertoire CMMTQ : <a href=\"https:\/\/www.cmmtq.org\/\" target=\"_blank\" rel=\"noopener\">www.cmmtq.org<\/a><\/p>\n<p>Pour toute question, <a href=\"mailto:contactservice@1cleanair.ca\">contactservice@1cleanair.ca<\/a>.[\/vc_column_text][\/vc_column_inner][\/vc_row_inner][\/vc_column][\/vc_row]<\/p>\n<\/div>","protected":false},"excerpt":{"rendered":"<p>[vc_row type=&#8221;in_grid&#8221; text_align=&#8221;inherit&#8221; el_class=&#8221;padding-100&#8243;][vc_column][vc_row_inner type=&#8221;full_width&#8221; text_align=&#8221;inherit&#8221;][vc_column_inner][vc_column_text css=&#8221;&#8221; el_class=&#8221;dark-blue-text text-center&#8221;] Avis \u2013 Licence RBQ et travaux r\u00e9serv\u00e9s CMMTQ [\/vc_column_text][vc_column_text css=&#8221;&#8221;]1 Clean Air \/ 1 Air Pur d\u00e9tient unelicence valide d\u00e9livr\u00e9e par la R\u00e9gie du b\u00e2timent du Qu\u00e9bec (RBQ 5671-7564-01). Notre licence nous autorise \u00e0 ex\u00e9cuter plusieurs travaux sp\u00e9cialis\u00e9s, notamment l\u2019excavation, la ma\u00e7onnerie, l\u2019isolation et les rev\u00eatements [&hellip;]<\/p>\n","protected":false},"author":1,"featured_media":0,"parent":0,"menu_order":0,"comment_status":"closed","ping_status":"closed","template":"","meta":{"_acf_changed":false,"_seopress_robots_primary_cat":"","_seopress_titles_title":"","_seopress_titles_desc":"","_seopress_robots_index":"","footnotes":""},"class_list":["post-31460","page","type-page","status-publish","hentry"],"acf":[],"_links":{"self":[{"href":"https:\/\/1cleanair.ca\/fr\/wp-json\/wp\/v2\/pages\/31460","targetHints":{"allow":["GET"]}}],"collection":[{"href":"https:\/\/1cleanair.ca\/fr\/wp-json\/wp\/v2\/pages"}],"about":[{"href":"https:\/\/1cleanair.ca\/fr\/wp-json\/wp\/v2\/types\/page"}],"author":[{"embeddable":true,"href":"https:\/\/1cleanair.ca\/fr\/wp-json\/wp\/v2\/users\/1"}],"replies":[{"embeddable":true,"href":"https:\/\/1cleanair.ca\/fr\/wp-json\/wp\/v2\/comments?post=31460"}],"version-history":[{"count":3,"href":"https:\/\/1cleanair.ca\/fr\/wp-json\/wp\/v2\/pages\/31460\/revisions"}],"predecessor-version":[{"id":31465,"href":"https:\/\/1cleanair.ca\/fr\/wp-json\/wp\/v2\/pages\/31460\/revisions\/31465"}],"wp:attachment":[{"href":"https:\/\/1cleanair.ca\/fr\/wp-json\/wp\/v2\/media?parent=31460"}],"curies":[{"name":"wp","href":"https:\/\/api.w.org\/{rel}","templated":true}]}}